{"id":87,"date":"2025-07-25T22:02:02","date_gmt":"2025-07-25T20:02:02","guid":{"rendered":"https:\/\/giulia-governatori.alwaysdata.net\/?page_id=87"},"modified":"2025-07-25T22:30:26","modified_gmt":"2025-07-25T20:30:26","slug":"legal-notice","status":"publish","type":"page","link":"https:\/\/giulia-governatori.alwaysdata.net\/fr\/legal-notice\/","title":{"rendered":"Mentions l\u00e9gales"},"content":{"rendered":"<h1 class=\"wp-block-heading has-text-align-center\"><strong>Mentions l\u00e9gales<\/strong><\/h1>\n\n\n\n<p>Ce site est \u00e9dit\u00e9 par :<br><strong>Giulia Governatori<\/strong><br>Business intelligence Analyst <br>Enregistr\u00e9e en France<br>Email: giuliagovernatori@hotmail.com<br>Localisation: Soyaux, France<\/p>\n\n\n\n<p><strong>Directrice de la publication<\/strong>: <strong>Giulia Governatori<\/strong><br><strong>H\u00e9bergeur<\/strong>:<br>Alwaysdata<br>26 Rue L\u00e9on Frot, 75011 Paris, France<br>Site web : <a href=\"https:\/\/www.alwaysdata.com\">https:\/\/www.alwaysdata.com<\/a><\/p>\n\n\n\n<p><strong>Propri\u00e9t\u00e9 intellectuelle<\/strong> :<br>Tous les \u00e9l\u00e9ments de ce site (textes, images, logos, graphiques, code) sont prot\u00e9g\u00e9s par les lois relatives \u00e0 la propri\u00e9t\u00e9 intellectuelle et sont la propri\u00e9t\u00e9 exclusive de Giulia Governatori, sauf mention contraire.<br>Toute reproduction ou diffusion, totale ou partielle, est strictement interdite sans autorisation \u00e9crite pr\u00e9alable.<\/p>","protected":false},"excerpt":{"rendered":"<p>Legal Notice This website is published by:Giulia GovernatoriBusiness intelligence Analyst Registered in FranceEmail: giuliagovernatori@hotmail.comLocation: Soyaux, France Director of publication: Giulia GovernatoriHosting provider:Alwaysdata26 Rue L\u00e9on Frot, 75011 Paris, FranceWebsite: https:\/\/www.alwaysdata.com Intellectual property :All elements on this website (texts, images, logos, graphics, code) are protected by intellectual property laws and are the exclusive property of Giulia Governatori,&#8230;<\/p>","protected":false},"author":1,"featured_media":0,"parent":0,"menu_order":0,"comment_status":"closed","ping_status":"closed","template":"","meta":{"_kad_post_transparent":"","_kad_post_title":"","_kad_post_layout":"","_kad_post_sidebar_id":"","_kad_post_content_style":"","_kad_post_vertical_padding":"","_kad_post_feature":"","_kad_post_feature_position":"","_kad_post_header":false,"_kad_post_footer":false,"_kad_post_classname":"","footnotes":""},"class_list":["post-87","page","type-page","status-publish","hentry"],"_links":{"self":[{"href":"https:\/\/giulia-governatori.alwaysdata.net\/fr\/wp-json\/wp\/v2\/pages\/87","targetHints":{"allow":["GET"]}}],"collection":[{"href":"https:\/\/giulia-governatori.alwaysdata.net\/fr\/wp-json\/wp\/v2\/pages"}],"about":[{"href":"https:\/\/giulia-governatori.alwaysdata.net\/fr\/wp-json\/wp\/v2\/types\/page"}],"author":[{"embeddable":true,"href":"https:\/\/giulia-governatori.alwaysdata.net\/fr\/wp-json\/wp\/v2\/users\/1"}],"replies":[{"embeddable":true,"href":"https:\/\/giulia-governatori.alwaysdata.net\/fr\/wp-json\/wp\/v2\/comments?post=87"}],"version-history":[{"count":0,"href":"https:\/\/giulia-governatori.alwaysdata.net\/fr\/wp-json\/wp\/v2\/pages\/87\/revisions"}],"wp:attachment":[{"href":"https:\/\/giulia-governatori.alwaysdata.net\/fr\/wp-json\/wp\/v2\/media?parent=87"}],"curies":[{"name":"wp","href":"https:\/\/api.w.org\/{rel}","templated":true}]}}